{"id":707,"date":"2021-06-18T09:47:57","date_gmt":"2021-06-18T12:47:57","guid":{"rendered":"https:\/\/hostexpress.com.br\/oficina1\/?page_id=707"},"modified":"2021-06-18T14:34:20","modified_gmt":"2021-06-18T17:34:20","slug":"arte-da-palavra","status":"publish","type":"page","link":"https:\/\/hostexpress.com.br\/oficina1\/arte-da-palavra\/","title":{"rendered":"Arte da palavra"},"content":{"rendered":"\t\t<div data-elementor-type=\"wp-page\" data-elementor-id=\"707\" class=\"elementor elementor-707\" data-elementor-settings=\"[]\">\n\t\t\t\t\t\t\t<div class=\"elementor-section-wrap\">\n\t\t\t\t\t\t\t<section class=\"elementor-section elementor-top-section elementor-element elementor-element-8c6231e elementor-section-boxed elementor-section-height-default elementor-section-height-default\" data-id=\"8c6231e\" data-element_type=\"section\">\n\t\t\t\t\t\t<div class=\"elementor-container elementor-column-gap-default\">\n\t\t\t\t\t<div class=\"elementor-column elementor-col-100 elementor-top-column elementor-element elementor-element-70a4b17\" data-id=\"70a4b17\" data-element_type=\"column\">\n\t\t\t<div class=\"elementor-widget-wrap elementor-element-populated\">\n\t\t\t\t\t\t\t\t<div class=\"elementor-element elementor-element-9097f85 elementor-widget elementor-widget-image\" data-id=\"9097f85\" data-element_type=\"widget\" data-widget_type=\"image.default\">\n\t\t\t\t<div class=\"elementor-widget-container\">\n\t\t\t\t\t\t\t\t\t\t\t\t\t\t\t<img width=\"700\" height=\"368\" src=\"https:\/\/hostexpress.com.br\/oficina1\/wp-content\/uploads\/2021\/06\/arte-palavra-1-768x404.png\" class=\"attachment-medium_large size-medium_large\" alt=\"\" loading=\"lazy\" srcset=\"https:\/\/hostexpress.com.br\/oficina1\/wp-content\/uploads\/2021\/06\/arte-palavra-1-768x404.png 768w, https:\/\/hostexpress.com.br\/oficina1\/wp-content\/uploads\/2021\/06\/arte-palavra-1-300x158.png 300w, https:\/\/hostexpress.com.br\/oficina1\/wp-content\/uploads\/2021\/06\/arte-palavra-1.png 950w\" sizes=\"(max-width: 700px) 100vw, 700px\" \/>\t\t\t\t\t\t\t\t\t\t\t\t\t\t\t<\/div>\n\t\t\t\t<\/div>\n\t\t\t\t<div class=\"elementor-element elementor-element-c2464c7 elementor-widget elementor-widget-accordion\" data-id=\"c2464c7\" data-element_type=\"widget\" data-widget_type=\"accordion.default\">\n\t\t\t\t<div class=\"elementor-widget-container\">\n\t\t\t\t\t<div class=\"elementor-accordion\" role=\"tablist\">\n\t\t\t\t\t\t\t<div class=\"elementor-accordion-item\">\n\t\t\t\t\t<div id=\"elementor-tab-title-2031\" class=\"elementor-tab-title\" data-tab=\"1\" role=\"tab\" aria-controls=\"elementor-tab-content-2031\" aria-expanded=\"false\">\n\t\t\t\t\t\t\t\t\t\t\t\t\t<span class=\"elementor-accordion-icon elementor-accordion-icon-left\" aria-hidden=\"true\">\n\t\t\t\t\t\t\t\t\t\t\t\t\t\t\t<span class=\"elementor-accordion-icon-closed\"><i class=\"fas fa-plus\"><\/i><\/span>\n\t\t\t\t\t\t\t\t<span class=\"elementor-accordion-icon-opened\"><i class=\"fas fa-minus\"><\/i><\/span>\n\t\t\t\t\t\t\t\t\t\t\t\t\t\t<\/span>\n\t\t\t\t\t\t\t\t\t\t\t\t<a class=\"elementor-accordion-title\" href=\"\">Ementa<\/a>\n\t\t\t\t\t<\/div>\n\t\t\t\t\t<div id=\"elementor-tab-content-2031\" class=\"elementor-tab-content elementor-clearfix\" data-tab=\"1\" role=\"tabpanel\" aria-labelledby=\"elementor-tab-title-2031\"><p>O curso de Arte da palavra tem como objetivo desenvolver o senso cr\u00edtico do aluno em rela\u00e7\u00e3o \u00e0s suas leituras, sensibiliz\u00e1-lo para a produ\u00e7\u00e3o de textos liter\u00e1rios interessantes e originais e promover a ressignifica\u00e7\u00e3o do papel da leitura e da escrita em sua vida e em suas atividades no Movimento Esp\u00edrita.<\/p><\/div>\n\t\t\t\t<\/div>\n\t\t\t\t\t\t\t<div class=\"elementor-accordion-item\">\n\t\t\t\t\t<div id=\"elementor-tab-title-2032\" class=\"elementor-tab-title\" data-tab=\"2\" role=\"tab\" aria-controls=\"elementor-tab-content-2032\" aria-expanded=\"false\">\n\t\t\t\t\t\t\t\t\t\t\t\t\t<span class=\"elementor-accordion-icon elementor-accordion-icon-left\" aria-hidden=\"true\">\n\t\t\t\t\t\t\t\t\t\t\t\t\t\t\t<span class=\"elementor-accordion-icon-closed\"><i class=\"fas fa-plus\"><\/i><\/span>\n\t\t\t\t\t\t\t\t<span class=\"elementor-accordion-icon-opened\"><i class=\"fas fa-minus\"><\/i><\/span>\n\t\t\t\t\t\t\t\t\t\t\t\t\t\t<\/span>\n\t\t\t\t\t\t\t\t\t\t\t\t<a class=\"elementor-accordion-title\" href=\"\">Professores<\/a>\n\t\t\t\t\t<\/div>\n\t\t\t\t\t<div id=\"elementor-tab-content-2032\" class=\"elementor-tab-content elementor-clearfix\" data-tab=\"2\" role=\"tabpanel\" aria-labelledby=\"elementor-tab-title-2032\"><p>Fl\u00e1vio Gomes, Luciana Mendel e Raquel Mina.<\/p><\/div>\n\t\t\t\t<\/div>\n\t\t\t\t\t\t\t<div class=\"elementor-accordion-item\">\n\t\t\t\t\t<div id=\"elementor-tab-title-2033\" class=\"elementor-tab-title\" data-tab=\"3\" role=\"tab\" aria-controls=\"elementor-tab-content-2033\" aria-expanded=\"false\">\n\t\t\t\t\t\t\t\t\t\t\t\t\t<span class=\"elementor-accordion-icon elementor-accordion-icon-left\" aria-hidden=\"true\">\n\t\t\t\t\t\t\t\t\t\t\t\t\t\t\t<span class=\"elementor-accordion-icon-closed\"><i class=\"fas fa-plus\"><\/i><\/span>\n\t\t\t\t\t\t\t\t<span class=\"elementor-accordion-icon-opened\"><i class=\"fas fa-minus\"><\/i><\/span>\n\t\t\t\t\t\t\t\t\t\t\t\t\t\t<\/span>\n\t\t\t\t\t\t\t\t\t\t\t\t<a class=\"elementor-accordion-title\" href=\"\">Pr\u00e9-requisitos<\/a>\n\t\t\t\t\t<\/div>\n\t\t\t\t\t<div id=\"elementor-tab-content-2033\" class=\"elementor-tab-content elementor-clearfix\" data-tab=\"3\" role=\"tabpanel\" aria-labelledby=\"elementor-tab-title-2033\"><p>\u2013 Idade m\u00ednima: 16 anos;<br \/>\u2013 Ser alfabetizado;<br \/>\u2013 Gostar de ler e escrever.<\/p><\/div>\n\t\t\t\t<\/div>\n\t\t\t\t\t\t\t<div class=\"elementor-accordion-item\">\n\t\t\t\t\t<div id=\"elementor-tab-title-2034\" class=\"elementor-tab-title\" data-tab=\"4\" role=\"tab\" aria-controls=\"elementor-tab-content-2034\" aria-expanded=\"false\">\n\t\t\t\t\t\t\t\t\t\t\t\t\t<span class=\"elementor-accordion-icon elementor-accordion-icon-left\" aria-hidden=\"true\">\n\t\t\t\t\t\t\t\t\t\t\t\t\t\t\t<span class=\"elementor-accordion-icon-closed\"><i class=\"fas fa-plus\"><\/i><\/span>\n\t\t\t\t\t\t\t\t<span class=\"elementor-accordion-icon-opened\"><i class=\"fas fa-minus\"><\/i><\/span>\n\t\t\t\t\t\t\t\t\t\t\t\t\t\t<\/span>\n\t\t\t\t\t\t\t\t\t\t\t\t<a class=\"elementor-accordion-title\" href=\"\">Lista de material<\/a>\n\t\t\t\t\t<\/div>\n\t\t\t\t\t<div id=\"elementor-tab-content-2034\" class=\"elementor-tab-content elementor-clearfix\" data-tab=\"4\" role=\"tabpanel\" aria-labelledby=\"elementor-tab-title-2034\"><p>\u2013 Caderno;<br \/>\u2013 Bloco pautado ou fich\u00e1rio;<br \/>\u2013 Caneta;<br \/>\u2013 Pasta com envelopes de pl\u00e1stico para guardar os trabalhos;<br \/>\u2013 Muita vontade de sonhar acordado e escrever.<\/p><\/div>\n\t\t\t\t<\/div>\n\t\t\t\t\t\t\t<div class=\"elementor-accordion-item\">\n\t\t\t\t\t<div id=\"elementor-tab-title-2035\" class=\"elementor-tab-title\" data-tab=\"5\" role=\"tab\" aria-controls=\"elementor-tab-content-2035\" aria-expanded=\"false\">\n\t\t\t\t\t\t\t\t\t\t\t\t\t<span class=\"elementor-accordion-icon elementor-accordion-icon-left\" aria-hidden=\"true\">\n\t\t\t\t\t\t\t\t\t\t\t\t\t\t\t<span class=\"elementor-accordion-icon-closed\"><i class=\"fas fa-plus\"><\/i><\/span>\n\t\t\t\t\t\t\t\t<span class=\"elementor-accordion-icon-opened\"><i class=\"fas fa-minus\"><\/i><\/span>\n\t\t\t\t\t\t\t\t\t\t\t\t\t\t<\/span>\n\t\t\t\t\t\t\t\t\t\t\t\t<a class=\"elementor-accordion-title\" href=\"\">Conte\u00fado program\u00e1tico<\/a>\n\t\t\t\t\t<\/div>\n\t\t\t\t\t<div id=\"elementor-tab-content-2035\" class=\"elementor-tab-content elementor-clearfix\" data-tab=\"5\" role=\"tabpanel\" aria-labelledby=\"elementor-tab-title-2035\"><p>Livro, Literatura e Leitura<\/p><p>Literatura esp\u00edrita<\/p><p>A criatividade e a imagina\u00e7\u00e3o nas artes liter\u00e1rias<\/p><p>Est\u00e9tica da recep\u00e7\u00e3o<\/p><p>Filme + debate<\/p><p>A obviedade na arte<\/p><p>Pr\u00e1tica de escrita baseada em filme<\/p><p>EVENTO EXTERNO: FLIST<\/p><p>G\u00eaneros liter\u00e1rios I<\/p><p>Estrutura narrativa<\/p><p>G\u00eaneros liter\u00e1rios II<\/p><p>Literatura esp\u00edrita na m\u00eddia<\/p><p>Raz\u00e3o e reflex\u00e3o<\/p><p>An\u00e1lise de textos<\/p><p>Di\u00e1logo com outras artes<\/p><p>Encontro com escritores I<\/p><p>Eu: escritor<\/p><p>Encontro com escritores II<\/p><p>Workshop conta\u00e7\u00e3o de hist\u00f3rias I<\/p><p>Workshop conta\u00e7\u00e3o de hist\u00f3rias II<\/p><\/div>\n\t\t\t\t<\/div>\n\t\t\t\t\t\t\t\t<\/div>\n\t\t\t\t<\/div>\n\t\t\t\t<\/div>\n\t\t\t\t\t<\/div>\n\t\t<\/div>\n\t\t\t\t\t\t\t<\/div>\n\t\t<\/section>\n\t\t\t\t<section class=\"elementor-section elementor-top-section elementor-element elementor-element-10150e8 elementor-section-boxed elementor-section-height-default elementor-section-height-default\" data-id=\"10150e8\" data-element_type=\"section\">\n\t\t\t\t\t\t<div class=\"elementor-container elementor-column-gap-default\">\n\t\t\t\t\t<div class=\"elementor-column elementor-col-100 elementor-top-column elementor-element elementor-element-f30c0a5\" data-id=\"f30c0a5\" data-element_type=\"column\">\n\t\t\t<div class=\"elementor-widget-wrap elementor-element-populated\">\n\t\t\t\t\t\t\t\t<div class=\"elementor-element elementor-element-0b4e2bb elementor-widget elementor-widget-spacer\" data-id=\"0b4e2bb\" data-element_type=\"widget\" data-widget_type=\"spacer.default\">\n\t\t\t\t<div class=\"elementor-widget-container\">\n\t\t\t\t\t<div class=\"elementor-spacer\">\n\t\t\t<div class=\"elementor-spacer-inner\"><\/div>\n\t\t<\/div>\n\t\t\t\t<\/div>\n\t\t\t\t<\/div>\n\t\t\t\t<div class=\"elementor-element elementor-element-968f617 elementor-widget elementor-widget-button\" data-id=\"968f617\" data-element_type=\"widget\" data-widget_type=\"button.default\">\n\t\t\t\t<div class=\"elementor-widget-container\">\n\t\t\t\t\t<div class=\"elementor-button-wrapper\">\n\t\t\t<a href=\"https:\/\/hostexpress.com.br\/oficina1\/wp-admin\/post.php?post=15&#038;action=elementor\" class=\"elementor-button-link elementor-button elementor-size-sm\" role=\"button\">\n\t\t\t\t\t\t<span class=\"elementor-button-content-wrapper\">\n\t\t\t\t\t\t<span class=\"elementor-button-text\">Retornar para cursos<\/span>\n\t\t<\/span>\n\t\t\t\t\t<\/a>\n\t\t<\/div>\n\t\t\t\t<\/div>\n\t\t\t\t<\/div>\n\t\t\t\t\t<\/div>\n\t\t<\/div>\n\t\t\t\t\t\t\t<\/div>\n\t\t<\/section>\n\t\t\t\t\t\t<\/div>\n\t\t\t\t\t<\/div>\n\t\t","protected":false},"excerpt":{"rendered":"<p>Ementa O curso de Arte da palavra tem como objetivo desenvolver o senso cr\u00edtico do aluno em rela\u00e7\u00e3o \u00e0s suas leituras, sensibiliz\u00e1-lo para a produ\u00e7\u00e3o de textos liter\u00e1rios interessantes e originais e promover a ressignifica\u00e7\u00e3o do papel da leitura e da escrita em sua vida e em suas atividades no Movimento Esp\u00edrita. Professores Fl\u00e1vio Gomes, &#8230; <span class=\"more\"><a class=\"more-link\" href=\"https:\/\/hostexpress.com.br\/oficina1\/arte-da-palavra\/\"><\/a><\/span><\/p>\n","protected":false},"author":1,"featured_media":0,"parent":0,"menu_order":0,"comment_status":"closed","ping_status":"closed","template":"","meta":[],"_links":{"self":[{"href":"https:\/\/hostexpress.com.br\/oficina1\/wp-json\/wp\/v2\/pages\/707"}],"collection":[{"href":"https:\/\/hostexpress.com.br\/oficina1\/wp-json\/wp\/v2\/pages"}],"about":[{"href":"https:\/\/hostexpress.com.br\/oficina1\/wp-json\/wp\/v2\/types\/page"}],"author":[{"embeddable":true,"href":"https:\/\/hostexpress.com.br\/oficina1\/wp-json\/wp\/v2\/users\/1"}],"replies":[{"embeddable":true,"href":"https:\/\/hostexpress.com.br\/oficina1\/wp-json\/wp\/v2\/comments?post=707"}],"version-history":[{"count":28,"href":"https:\/\/hostexpress.com.br\/oficina1\/wp-json\/wp\/v2\/pages\/707\/revisions"}],"predecessor-version":[{"id":1021,"href":"https:\/\/hostexpress.com.br\/oficina1\/wp-json\/wp\/v2\/pages\/707\/revisions\/1021"}],"wp:attachment":[{"href":"https:\/\/hostexpress.com.br\/oficina1\/wp-json\/wp\/v2\/media?parent=707"}],"curies":[{"name":"wp","href":"https:\/\/api.w.org\/{rel}","templated":true}]}}