{"id":711,"date":"2021-06-18T09:48:57","date_gmt":"2021-06-18T12:48:57","guid":{"rendered":"https:\/\/hostexpress.com.br\/oficina1\/?page_id=711"},"modified":"2021-06-18T14:49:17","modified_gmt":"2021-06-18T17:49:17","slug":"teatro","status":"publish","type":"page","link":"https:\/\/hostexpress.com.br\/oficina1\/teatro\/","title":{"rendered":"Teatro"},"content":{"rendered":"\t\t<div data-elementor-type=\"wp-page\" data-elementor-id=\"711\" class=\"elementor elementor-711\" data-elementor-settings=\"[]\">\n\t\t\t\t\t\t\t<div class=\"elementor-section-wrap\">\n\t\t\t\t\t\t\t<section class=\"elementor-section elementor-top-section elementor-element elementor-element-5ae461a elementor-section-boxed elementor-section-height-default elementor-section-height-default\" data-id=\"5ae461a\" data-element_type=\"section\">\n\t\t\t\t\t\t<div class=\"elementor-container elementor-column-gap-default\">\n\t\t\t\t\t<div class=\"elementor-column elementor-col-100 elementor-top-column elementor-element elementor-element-1c1b5f5\" data-id=\"1c1b5f5\" data-element_type=\"column\">\n\t\t\t<div class=\"elementor-widget-wrap elementor-element-populated\">\n\t\t\t\t\t\t\t\t<div class=\"elementor-element elementor-element-f998197 elementor-widget elementor-widget-image\" data-id=\"f998197\" data-element_type=\"widget\" data-widget_type=\"image.default\">\n\t\t\t\t<div class=\"elementor-widget-container\">\n\t\t\t\t\t\t\t\t\t\t\t\t\t\t\t<img width=\"700\" height=\"368\" src=\"https:\/\/hostexpress.com.br\/oficina1\/wp-content\/uploads\/2021\/06\/teatro-768x404.png\" class=\"attachment-medium_large size-medium_large\" alt=\"\" loading=\"lazy\" srcset=\"https:\/\/hostexpress.com.br\/oficina1\/wp-content\/uploads\/2021\/06\/teatro-768x404.png 768w, https:\/\/hostexpress.com.br\/oficina1\/wp-content\/uploads\/2021\/06\/teatro-300x158.png 300w, https:\/\/hostexpress.com.br\/oficina1\/wp-content\/uploads\/2021\/06\/teatro.png 950w\" sizes=\"(max-width: 700px) 100vw, 700px\" \/>\t\t\t\t\t\t\t\t\t\t\t\t\t\t\t<\/div>\n\t\t\t\t<\/div>\n\t\t\t\t\t<\/div>\n\t\t<\/div>\n\t\t\t\t\t\t\t<\/div>\n\t\t<\/section>\n\t\t\t\t<section class=\"elementor-section elementor-top-section elementor-element elementor-element-08ecaf3 elementor-section-boxed elementor-section-height-default elementor-section-height-default\" data-id=\"08ecaf3\" data-element_type=\"section\">\n\t\t\t\t\t\t<div class=\"elementor-container elementor-column-gap-default\">\n\t\t\t\t\t<div class=\"elementor-column elementor-col-100 elementor-top-column elementor-element elementor-element-6939fc9\" data-id=\"6939fc9\" data-element_type=\"column\">\n\t\t\t<div class=\"elementor-widget-wrap elementor-element-populated\">\n\t\t\t\t\t\t\t\t<div class=\"elementor-element elementor-element-750fa42 elementor-widget elementor-widget-accordion\" data-id=\"750fa42\" data-element_type=\"widget\" data-widget_type=\"accordion.default\">\n\t\t\t\t<div class=\"elementor-widget-container\">\n\t\t\t\t\t<div class=\"elementor-accordion\" role=\"tablist\">\n\t\t\t\t\t\t\t<div class=\"elementor-accordion-item\">\n\t\t\t\t\t<div id=\"elementor-tab-title-1221\" class=\"elementor-tab-title\" data-tab=\"1\" role=\"tab\" aria-controls=\"elementor-tab-content-1221\" aria-expanded=\"false\">\n\t\t\t\t\t\t\t\t\t\t\t\t\t<span class=\"elementor-accordion-icon elementor-accordion-icon-left\" aria-hidden=\"true\">\n\t\t\t\t\t\t\t\t\t\t\t\t\t\t\t<span class=\"elementor-accordion-icon-closed\"><i class=\"fas fa-plus\"><\/i><\/span>\n\t\t\t\t\t\t\t\t<span class=\"elementor-accordion-icon-opened\"><i class=\"fas fa-minus\"><\/i><\/span>\n\t\t\t\t\t\t\t\t\t\t\t\t\t\t<\/span>\n\t\t\t\t\t\t\t\t\t\t\t\t<a class=\"elementor-accordion-title\" href=\"\">Ementa<\/a>\n\t\t\t\t\t<\/div>\n\t\t\t\t\t<div id=\"elementor-tab-content-1221\" class=\"elementor-tab-content elementor-clearfix\" data-tab=\"1\" role=\"tabpanel\" aria-labelledby=\"elementor-tab-title-1221\"><p>O trabalho desenvolvido neste curso visa despertar o fazer teatral nos participantes por meio da sensibilidade, do l\u00fadico e da criatividade, al\u00e9m de trabalhar a auto-estima; possibilitar que experimentem novas emo\u00e7\u00f5es e vivenciem situa\u00e7\u00f5es diferentes ou n\u00e3o do seu cotidiano, promovendo reflex\u00e3o e auto-conhecimento atrav\u00e9s da pr\u00e1tica de interpreta\u00e7\u00e3o teatral \u00e0 luz da Doutrina Esp\u00edrita.<\/p><p>Alguns dos temas abordados: Hist\u00f3ria do teatro no mundo e no Brasil, O teatro e a Doutrina esp\u00edrita, O teatro no movimento esp\u00edrita, Interpreta\u00e7\u00e3o de textos, Express\u00e3o corporal, Conscientiza\u00e7\u00e3o corporal, Improvisa\u00e7\u00e3o e coreografia c\u00eanica.<\/p><\/div>\n\t\t\t\t<\/div>\n\t\t\t\t\t\t\t<div class=\"elementor-accordion-item\">\n\t\t\t\t\t<div id=\"elementor-tab-title-1222\" class=\"elementor-tab-title\" data-tab=\"2\" role=\"tab\" aria-controls=\"elementor-tab-content-1222\" aria-expanded=\"false\">\n\t\t\t\t\t\t\t\t\t\t\t\t\t<span class=\"elementor-accordion-icon elementor-accordion-icon-left\" aria-hidden=\"true\">\n\t\t\t\t\t\t\t\t\t\t\t\t\t\t\t<span class=\"elementor-accordion-icon-closed\"><i class=\"fas fa-plus\"><\/i><\/span>\n\t\t\t\t\t\t\t\t<span class=\"elementor-accordion-icon-opened\"><i class=\"fas fa-minus\"><\/i><\/span>\n\t\t\t\t\t\t\t\t\t\t\t\t\t\t<\/span>\n\t\t\t\t\t\t\t\t\t\t\t\t<a class=\"elementor-accordion-title\" href=\"\">Professores<\/a>\n\t\t\t\t\t<\/div>\n\t\t\t\t\t<div id=\"elementor-tab-content-1222\" class=\"elementor-tab-content elementor-clearfix\" data-tab=\"2\" role=\"tabpanel\" aria-labelledby=\"elementor-tab-title-1222\"><p>Adolfo Tavares, Andrea Moraes, Lorena Castro e Renato Bermudas.<\/p><\/div>\n\t\t\t\t<\/div>\n\t\t\t\t\t\t\t<div class=\"elementor-accordion-item\">\n\t\t\t\t\t<div id=\"elementor-tab-title-1223\" class=\"elementor-tab-title\" data-tab=\"3\" role=\"tab\" aria-controls=\"elementor-tab-content-1223\" aria-expanded=\"false\">\n\t\t\t\t\t\t\t\t\t\t\t\t\t<span class=\"elementor-accordion-icon elementor-accordion-icon-left\" aria-hidden=\"true\">\n\t\t\t\t\t\t\t\t\t\t\t\t\t\t\t<span class=\"elementor-accordion-icon-closed\"><i class=\"fas fa-plus\"><\/i><\/span>\n\t\t\t\t\t\t\t\t<span class=\"elementor-accordion-icon-opened\"><i class=\"fas fa-minus\"><\/i><\/span>\n\t\t\t\t\t\t\t\t\t\t\t\t\t\t<\/span>\n\t\t\t\t\t\t\t\t\t\t\t\t<a class=\"elementor-accordion-title\" href=\"\">Pr\u00e9-requisitos<\/a>\n\t\t\t\t\t<\/div>\n\t\t\t\t\t<div id=\"elementor-tab-content-1223\" class=\"elementor-tab-content elementor-clearfix\" data-tab=\"3\" role=\"tabpanel\" aria-labelledby=\"elementor-tab-title-1223\"><p>\u2013 Idade m\u00ednima: 13 anos.<\/p><\/div>\n\t\t\t\t<\/div>\n\t\t\t\t\t\t\t<div class=\"elementor-accordion-item\">\n\t\t\t\t\t<div id=\"elementor-tab-title-1224\" class=\"elementor-tab-title\" data-tab=\"4\" role=\"tab\" aria-controls=\"elementor-tab-content-1224\" aria-expanded=\"false\">\n\t\t\t\t\t\t\t\t\t\t\t\t\t<span class=\"elementor-accordion-icon elementor-accordion-icon-left\" aria-hidden=\"true\">\n\t\t\t\t\t\t\t\t\t\t\t\t\t\t\t<span class=\"elementor-accordion-icon-closed\"><i class=\"fas fa-plus\"><\/i><\/span>\n\t\t\t\t\t\t\t\t<span class=\"elementor-accordion-icon-opened\"><i class=\"fas fa-minus\"><\/i><\/span>\n\t\t\t\t\t\t\t\t\t\t\t\t\t\t<\/span>\n\t\t\t\t\t\t\t\t\t\t\t\t<a class=\"elementor-accordion-title\" href=\"\">Conte\u00fados program\u00e1ticos<\/a>\n\t\t\t\t\t<\/div>\n\t\t\t\t\t<div id=\"elementor-tab-content-1224\" class=\"elementor-tab-content elementor-clearfix\" data-tab=\"4\" role=\"tabpanel\" aria-labelledby=\"elementor-tab-title-1224\"><p>Hist\u00f3ria da arte<\/p><p>Hist\u00f3ria da arte esp\u00edrita<\/p><p>Hist\u00f3ria do teatro<\/p><p>Hist\u00f3ria do teatro esp\u00edrita<\/p><p>Conscientiza\u00e7\u00e3o corporal<\/p><p>Conscientiza\u00e7\u00e3o Vocal<\/p><p>Composi\u00e7\u00e3o de personagem<\/p><p>Interpreta\u00e7\u00e3o<\/p><p>Leitura de pe\u00e7a e interpreta\u00e7\u00e3o<\/p><p>Autores esp\u00edritas<\/p><p>Coreografia c\u00eanica<\/p><p>Improvisa\u00e7\u00e3o<\/p><p>Outras m\u00eddias no teatro \u2013 Foto<\/p><p>Esquete<\/p><p>Catarse e sensibiliza\u00e7\u00e3o<\/p><p>Musical<\/p><p>Interpreta\u00e7\u00e3o de hist\u00f3rias esp\u00edritas<\/p><p>Teatro de sombras<\/p><p>Hist\u00f3ria coletiva a partir de um tema<\/p><p>Di\u00e1logo com outras artes<\/p><\/div>\n\t\t\t\t<\/div>\n\t\t\t\t\t\t\t\t<\/div>\n\t\t\t\t<\/div>\n\t\t\t\t<\/div>\n\t\t\t\t\t<\/div>\n\t\t<\/div>\n\t\t\t\t\t\t\t<\/div>\n\t\t<\/section>\n\t\t\t\t<section class=\"elementor-section elementor-top-section elementor-element elementor-element-91ed956 elementor-section-boxed elementor-section-height-default elementor-section-height-default\" data-id=\"91ed956\" data-element_type=\"section\">\n\t\t\t\t\t\t<div class=\"elementor-container elementor-column-gap-default\">\n\t\t\t\t\t<div class=\"elementor-column elementor-col-100 elementor-top-column elementor-element elementor-element-e29ca90\" data-id=\"e29ca90\" data-element_type=\"column\">\n\t\t\t<div class=\"elementor-widget-wrap elementor-element-populated\">\n\t\t\t\t\t\t\t\t<div class=\"elementor-element elementor-element-e237d12 elementor-widget elementor-widget-spacer\" data-id=\"e237d12\" data-element_type=\"widget\" data-widget_type=\"spacer.default\">\n\t\t\t\t<div class=\"elementor-widget-container\">\n\t\t\t\t\t<div class=\"elementor-spacer\">\n\t\t\t<div class=\"elementor-spacer-inner\"><\/div>\n\t\t<\/div>\n\t\t\t\t<\/div>\n\t\t\t\t<\/div>\n\t\t\t\t<div class=\"elementor-element elementor-element-4908419 elementor-widget elementor-widget-button\" data-id=\"4908419\" data-element_type=\"widget\" data-widget_type=\"button.default\">\n\t\t\t\t<div class=\"elementor-widget-container\">\n\t\t\t\t\t<div class=\"elementor-button-wrapper\">\n\t\t\t<a href=\"https:\/\/hostexpress.com.br\/oficina1\/wp-admin\/post.php?post=15&#038;action=elementor\" class=\"elementor-button-link elementor-button elementor-size-sm\" role=\"button\">\n\t\t\t\t\t\t<span class=\"elementor-button-content-wrapper\">\n\t\t\t\t\t\t<span class=\"elementor-button-text\">Retornar para cursos<\/span>\n\t\t<\/span>\n\t\t\t\t\t<\/a>\n\t\t<\/div>\n\t\t\t\t<\/div>\n\t\t\t\t<\/div>\n\t\t\t\t\t<\/div>\n\t\t<\/div>\n\t\t\t\t\t\t\t<\/div>\n\t\t<\/section>\n\t\t\t\t\t\t<\/div>\n\t\t\t\t\t<\/div>\n\t\t","protected":false},"excerpt":{"rendered":"<p>Ementa O trabalho desenvolvido neste curso visa despertar o fazer teatral nos participantes por meio da sensibilidade, do l\u00fadico e da criatividade, al\u00e9m de trabalhar a auto-estima; possibilitar que experimentem novas emo\u00e7\u00f5es e vivenciem situa\u00e7\u00f5es diferentes ou n\u00e3o do seu cotidiano, promovendo reflex\u00e3o e auto-conhecimento atrav\u00e9s da pr\u00e1tica de interpreta\u00e7\u00e3o teatral \u00e0 luz da Doutrina &#8230; <span class=\"more\"><a class=\"more-link\" href=\"https:\/\/hostexpress.com.br\/oficina1\/teatro\/\"><\/a><\/span><\/p>\n","protected":false},"author":1,"featured_media":0,"parent":0,"menu_order":0,"comment_status":"closed","ping_status":"closed","template":"","meta":[],"_links":{"self":[{"href":"https:\/\/hostexpress.com.br\/oficina1\/wp-json\/wp\/v2\/pages\/711"}],"collection":[{"href":"https:\/\/hostexpress.com.br\/oficina1\/wp-json\/wp\/v2\/pages"}],"about":[{"href":"https:\/\/hostexpress.com.br\/oficina1\/wp-json\/wp\/v2\/types\/page"}],"author":[{"embeddable":true,"href":"https:\/\/hostexpress.com.br\/oficina1\/wp-json\/wp\/v2\/users\/1"}],"replies":[{"embeddable":true,"href":"https:\/\/hostexpress.com.br\/oficina1\/wp-json\/wp\/v2\/comments?post=711"}],"version-history":[{"count":22,"href":"https:\/\/hostexpress.com.br\/oficina1\/wp-json\/wp\/v2\/pages\/711\/revisions"}],"predecessor-version":[{"id":1048,"href":"https:\/\/hostexpress.com.br\/oficina1\/wp-json\/wp\/v2\/pages\/711\/revisions\/1048"}],"wp:attachment":[{"href":"https:\/\/hostexpress.com.br\/oficina1\/wp-json\/wp\/v2\/media?parent=711"}],"curies":[{"name":"wp","href":"https:\/\/api.w.org\/{rel}","templated":true}]}}