{"id":715,"date":"2021-06-18T09:49:59","date_gmt":"2021-06-18T12:49:59","guid":{"rendered":"https:\/\/hostexpress.com.br\/oficina1\/?page_id=715"},"modified":"2021-06-18T14:40:48","modified_gmt":"2021-06-18T17:40:48","slug":"espaco-de-experimentacao","status":"publish","type":"page","link":"https:\/\/hostexpress.com.br\/oficina1\/espaco-de-experimentacao\/","title":{"rendered":"Espa\u00e7o de experimenta\u00e7\u00e3o"},"content":{"rendered":"\t\t<div data-elementor-type=\"wp-page\" data-elementor-id=\"715\" class=\"elementor elementor-715\" data-elementor-settings=\"[]\">\n\t\t\t\t\t\t\t<div class=\"elementor-section-wrap\">\n\t\t\t\t\t\t\t<section class=\"elementor-section elementor-top-section elementor-element elementor-element-a0a6a90 elementor-section-boxed elementor-section-height-default elementor-section-height-default\" data-id=\"a0a6a90\" data-element_type=\"section\">\n\t\t\t\t\t\t<div class=\"elementor-container elementor-column-gap-default\">\n\t\t\t\t\t<div class=\"elementor-column elementor-col-100 elementor-top-column elementor-element elementor-element-c034223\" data-id=\"c034223\" data-element_type=\"column\">\n\t\t\t<div class=\"elementor-widget-wrap elementor-element-populated\">\n\t\t\t\t\t\t\t\t<div class=\"elementor-element elementor-element-d803e17 elementor-widget elementor-widget-image\" data-id=\"d803e17\" data-element_type=\"widget\" data-widget_type=\"image.default\">\n\t\t\t\t<div class=\"elementor-widget-container\">\n\t\t\t\t\t\t\t\t\t\t\t\t\t\t\t<img width=\"700\" height=\"368\" src=\"https:\/\/hostexpress.com.br\/oficina1\/wp-content\/uploads\/2021\/06\/oficininha-1-768x404.png\" class=\"attachment-medium_large size-medium_large\" alt=\"\" loading=\"lazy\" srcset=\"https:\/\/hostexpress.com.br\/oficina1\/wp-content\/uploads\/2021\/06\/oficininha-1-768x404.png 768w, https:\/\/hostexpress.com.br\/oficina1\/wp-content\/uploads\/2021\/06\/oficininha-1-300x158.png 300w, https:\/\/hostexpress.com.br\/oficina1\/wp-content\/uploads\/2021\/06\/oficininha-1.png 950w\" sizes=\"(max-width: 700px) 100vw, 700px\" \/>\t\t\t\t\t\t\t\t\t\t\t\t\t\t\t<\/div>\n\t\t\t\t<\/div>\n\t\t\t\t\t<\/div>\n\t\t<\/div>\n\t\t\t\t\t\t\t<\/div>\n\t\t<\/section>\n\t\t\t\t<section class=\"elementor-section elementor-top-section elementor-element elementor-element-6e97bab elementor-section-boxed elementor-section-height-default elementor-section-height-default\" data-id=\"6e97bab\" data-element_type=\"section\">\n\t\t\t\t\t\t<div class=\"elementor-container elementor-column-gap-default\">\n\t\t\t\t\t<div class=\"elementor-column elementor-col-100 elementor-top-column elementor-element elementor-element-04947f1\" data-id=\"04947f1\" data-element_type=\"column\">\n\t\t\t<div class=\"elementor-widget-wrap elementor-element-populated\">\n\t\t\t\t\t\t\t\t<div class=\"elementor-element elementor-element-556d1e7 elementor-widget elementor-widget-accordion\" data-id=\"556d1e7\" data-element_type=\"widget\" data-widget_type=\"accordion.default\">\n\t\t\t\t<div class=\"elementor-widget-container\">\n\t\t\t\t\t<div class=\"elementor-accordion\" role=\"tablist\">\n\t\t\t\t\t\t\t<div class=\"elementor-accordion-item\">\n\t\t\t\t\t<div id=\"elementor-tab-title-8951\" class=\"elementor-tab-title\" data-tab=\"1\" role=\"tab\" aria-controls=\"elementor-tab-content-8951\" aria-expanded=\"false\">\n\t\t\t\t\t\t\t\t\t\t\t\t\t<span class=\"elementor-accordion-icon elementor-accordion-icon-left\" aria-hidden=\"true\">\n\t\t\t\t\t\t\t\t\t\t\t\t\t\t\t<span class=\"elementor-accordion-icon-closed\"><i class=\"fas fa-plus\"><\/i><\/span>\n\t\t\t\t\t\t\t\t<span class=\"elementor-accordion-icon-opened\"><i class=\"fas fa-minus\"><\/i><\/span>\n\t\t\t\t\t\t\t\t\t\t\t\t\t\t<\/span>\n\t\t\t\t\t\t\t\t\t\t\t\t<a class=\"elementor-accordion-title\" href=\"\">Ementa<\/a>\n\t\t\t\t\t<\/div>\n\t\t\t\t\t<div id=\"elementor-tab-content-8951\" class=\"elementor-tab-content elementor-clearfix\" data-tab=\"1\" role=\"tabpanel\" aria-labelledby=\"elementor-tab-title-8951\"><p>No Espa\u00e7o Infantil de Experimenta\u00e7\u00e3o Art\u00edstica as crian\u00e7as estudar\u00e3o v\u00e1rias modalidades art\u00edsticas, como dan\u00e7a, teatro, m\u00fasica, desenho, artes visuais e arte da palavra.<\/p><p>Elaboramos momentos de maior enfoque para algumas delas, atrav\u00e9s de atividades din\u00e2micas, criativas, interativas e vivenciais. \u00a0Busca-se valorizar as escolhas das crian\u00e7as de forma a propiciar prazer e interesse no processo de aprendizagem da arte \u00e0 luz do Espiritismo.<\/p><\/div>\n\t\t\t\t<\/div>\n\t\t\t\t\t\t\t<div class=\"elementor-accordion-item\">\n\t\t\t\t\t<div id=\"elementor-tab-title-8952\" class=\"elementor-tab-title\" data-tab=\"2\" role=\"tab\" aria-controls=\"elementor-tab-content-8952\" aria-expanded=\"false\">\n\t\t\t\t\t\t\t\t\t\t\t\t\t<span class=\"elementor-accordion-icon elementor-accordion-icon-left\" aria-hidden=\"true\">\n\t\t\t\t\t\t\t\t\t\t\t\t\t\t\t<span class=\"elementor-accordion-icon-closed\"><i class=\"fas fa-plus\"><\/i><\/span>\n\t\t\t\t\t\t\t\t<span class=\"elementor-accordion-icon-opened\"><i class=\"fas fa-minus\"><\/i><\/span>\n\t\t\t\t\t\t\t\t\t\t\t\t\t\t<\/span>\n\t\t\t\t\t\t\t\t\t\t\t\t<a class=\"elementor-accordion-title\" href=\"\">Pr\u00e9-requisitos<\/a>\n\t\t\t\t\t<\/div>\n\t\t\t\t\t<div id=\"elementor-tab-content-8952\" class=\"elementor-tab-content elementor-clearfix\" data-tab=\"2\" role=\"tabpanel\" aria-labelledby=\"elementor-tab-title-8952\"><p>\u2013 Idade: de 5 a 9 anos;<br \/>\u2013 Seu respons\u00e1vel dever\u00e1 estar inscrito em algum curso.<\/p><p>OBS: As inscri\u00e7\u00f5es das crian\u00e7as ficam vinculadas \u00e0s dos respons\u00e1veis. Ou seja, se o respons\u00e1vel ficar em lista de espera, a crian\u00e7a tamb\u00e9m ficar\u00e1.<\/p><\/div>\n\t\t\t\t<\/div>\n\t\t\t\t\t\t\t<div class=\"elementor-accordion-item\">\n\t\t\t\t\t<div id=\"elementor-tab-title-8953\" class=\"elementor-tab-title\" data-tab=\"3\" role=\"tab\" aria-controls=\"elementor-tab-content-8953\" aria-expanded=\"false\">\n\t\t\t\t\t\t\t\t\t\t\t\t\t<span class=\"elementor-accordion-icon elementor-accordion-icon-left\" aria-hidden=\"true\">\n\t\t\t\t\t\t\t\t\t\t\t\t\t\t\t<span class=\"elementor-accordion-icon-closed\"><i class=\"fas fa-plus\"><\/i><\/span>\n\t\t\t\t\t\t\t\t<span class=\"elementor-accordion-icon-opened\"><i class=\"fas fa-minus\"><\/i><\/span>\n\t\t\t\t\t\t\t\t\t\t\t\t\t\t<\/span>\n\t\t\t\t\t\t\t\t\t\t\t\t<a class=\"elementor-accordion-title\" href=\"\">Aulas espec\u00edficas<\/a>\n\t\t\t\t\t<\/div>\n\t\t\t\t\t<div id=\"elementor-tab-content-8953\" class=\"elementor-tab-content elementor-clearfix\" data-tab=\"3\" role=\"tabpanel\" aria-labelledby=\"elementor-tab-title-8953\"><p>Ap\u00f3s encerradas as inscri\u00e7\u00f5es para o Espa\u00e7o Infantil de Experimenta\u00e7\u00e3o Art\u00edstica, haver\u00e1 inscri\u00e7\u00f5es internas para os cursos espec\u00edficos de teclado, percuss\u00e3o, violino e teatro.<\/p><p>Tais vagas ser\u00e3o disponibilizadas apenas para as crian\u00e7as inscritas no Espa\u00e7o Infantil de Experimentac\u00e3o Art\u00edstica.<\/p><p>Essas aulas espec\u00edficas ocorrer\u00e3o no primeiro tempo de aula.<\/p><\/div>\n\t\t\t\t<\/div>\n\t\t\t\t\t\t\t\t<\/div>\n\t\t\t\t<\/div>\n\t\t\t\t<\/div>\n\t\t\t\t\t<\/div>\n\t\t<\/div>\n\t\t\t\t\t\t\t<\/div>\n\t\t<\/section>\n\t\t\t\t<section class=\"elementor-section elementor-top-section elementor-element elementor-element-08cb54d elementor-section-boxed elementor-section-height-default elementor-section-height-default\" data-id=\"08cb54d\" data-element_type=\"section\">\n\t\t\t\t\t\t<div class=\"elementor-container elementor-column-gap-default\">\n\t\t\t\t\t<div class=\"elementor-column elementor-col-100 elementor-top-column elementor-element elementor-element-479b60a\" data-id=\"479b60a\" data-element_type=\"column\">\n\t\t\t<div class=\"elementor-widget-wrap elementor-element-populated\">\n\t\t\t\t\t\t\t\t<div class=\"elementor-element elementor-element-df622b2 elementor-widget elementor-widget-spacer\" data-id=\"df622b2\" data-element_type=\"widget\" data-widget_type=\"spacer.default\">\n\t\t\t\t<div class=\"elementor-widget-container\">\n\t\t\t\t\t<div class=\"elementor-spacer\">\n\t\t\t<div class=\"elementor-spacer-inner\"><\/div>\n\t\t<\/div>\n\t\t\t\t<\/div>\n\t\t\t\t<\/div>\n\t\t\t\t<div class=\"elementor-element elementor-element-eb25a67 elementor-widget elementor-widget-button\" data-id=\"eb25a67\" data-element_type=\"widget\" data-widget_type=\"button.default\">\n\t\t\t\t<div class=\"elementor-widget-container\">\n\t\t\t\t\t<div class=\"elementor-button-wrapper\">\n\t\t\t<a href=\"https:\/\/hostexpress.com.br\/oficina1\/wp-admin\/post.php?post=15&#038;action=elementor\" class=\"elementor-button-link elementor-button elementor-size-sm\" role=\"button\">\n\t\t\t\t\t\t<span class=\"elementor-button-content-wrapper\">\n\t\t\t\t\t\t<span class=\"elementor-button-text\">Retornar para cursos<\/span>\n\t\t<\/span>\n\t\t\t\t\t<\/a>\n\t\t<\/div>\n\t\t\t\t<\/div>\n\t\t\t\t<\/div>\n\t\t\t\t\t<\/div>\n\t\t<\/div>\n\t\t\t\t\t\t\t<\/div>\n\t\t<\/section>\n\t\t\t\t\t\t<\/div>\n\t\t\t\t\t<\/div>\n\t\t","protected":false},"excerpt":{"rendered":"<p>Ementa No Espa\u00e7o Infantil de Experimenta\u00e7\u00e3o Art\u00edstica as crian\u00e7as estudar\u00e3o v\u00e1rias modalidades art\u00edsticas, como dan\u00e7a, teatro, m\u00fasica, desenho, artes visuais e arte da palavra. Elaboramos momentos de maior enfoque para algumas delas, atrav\u00e9s de atividades din\u00e2micas, criativas, interativas e vivenciais. \u00a0Busca-se valorizar as escolhas das crian\u00e7as de forma a propiciar prazer e interesse no processo &#8230; <span class=\"more\"><a class=\"more-link\" href=\"https:\/\/hostexpress.com.br\/oficina1\/espaco-de-experimentacao\/\"><\/a><\/span><\/p>\n","protected":false},"author":1,"featured_media":0,"parent":0,"menu_order":0,"comment_status":"closed","ping_status":"closed","template":"","meta":[],"_links":{"self":[{"href":"https:\/\/hostexpress.com.br\/oficina1\/wp-json\/wp\/v2\/pages\/715"}],"collection":[{"href":"https:\/\/hostexpress.com.br\/oficina1\/wp-json\/wp\/v2\/pages"}],"about":[{"href":"https:\/\/hostexpress.com.br\/oficina1\/wp-json\/wp\/v2\/types\/page"}],"author":[{"embeddable":true,"href":"https:\/\/hostexpress.com.br\/oficina1\/wp-json\/wp\/v2\/users\/1"}],"replies":[{"embeddable":true,"href":"https:\/\/hostexpress.com.br\/oficina1\/wp-json\/wp\/v2\/comments?post=715"}],"version-history":[{"count":16,"href":"https:\/\/hostexpress.com.br\/oficina1\/wp-json\/wp\/v2\/pages\/715\/revisions"}],"predecessor-version":[{"id":1033,"href":"https:\/\/hostexpress.com.br\/oficina1\/wp-json\/wp\/v2\/pages\/715\/revisions\/1033"}],"wp:attachment":[{"href":"https:\/\/hostexpress.com.br\/oficina1\/wp-json\/wp\/v2\/media?parent=715"}],"curies":[{"name":"wp","href":"https:\/\/api.w.org\/{rel}","templated":true}]}}